{"id":422,"date":"2025-04-02T11:57:15","date_gmt":"2025-04-02T11:57:15","guid":{"rendered":"https:\/\/dracosomnium.tuchoconsultoria.es\/?page_id=422"},"modified":"2026-04-14T22:44:25","modified_gmt":"2026-04-14T21:44:25","slug":"politica-de-cookies","status":"publish","type":"page","link":"https:\/\/dracosomnium.tuchoconsultoria.es\/es\/politica-de-cookies\/","title":{"rendered":"Pol\u00edtica de cookies"},"content":{"rendered":"\n\t<section class=\"section hero\" id=\"section_868412996\">\n\t\t<div class=\"section-bg fill\" >\n\t\t\t\t\t\t\t\t\t\n\t\t\t\n\n\t\t<\/div>\n\n\t\t\n\n\t\t<div class=\"section-content relative\">\n\t\t\t\n<div class=\"row\"  id=\"row-1585813223\">\n\n\t<div id=\"col-1204699720\" class=\"col small-12 large-12\"  >\n\t\t\t\t<div class=\"col-inner\"  >\n\t\t\t\n\t\t\t\n\n  <div class=\"banner has-hover\" id=\"banner-688805824\">\n          <div class=\"banner-inner fill\">\n        <div class=\"banner-bg fill\" >\n            <img loading=\"lazy\" decoding=\"async\" width=\"1920\" height=\"1280\" src=\"https:\/\/dracosomnium.tuchoconsultoria.es\/wp-content\/uploads\/Textos_Legales-Draco_Somnium.webp\" class=\"bg attachment-original size-original\" alt=\"Textos Legales Draco Somnium\" \/>                        <div class=\"overlay\"><\/div>            \n                    <\/div>\n\t\t\n        <div class=\"banner-layers container\">\n            <div class=\"fill banner-link\"><\/div>            \n   <div id=\"text-box-1446615142\" class=\"text-box banner-layer x0 md-x0 lg-x0 y50 md-y50 lg-y50 res-text\">\n                                <div class=\"text-box-content text dark\">\n              \n              <div class=\"text-inner text-left\">\n                  \n<h1>Pol\u00edtica de Cookies<\/h1>\n\n<span><span><a href=\"https:\/\/dracosomnium.tuchoconsultoria.es\/es\/\">Draco Somnium<\/a><\/span><\/span>\n\n              <\/div>\n           <\/div>\n                            \n<style>\n#text-box-1446615142 .text-inner {\n  padding: 0px 30px 0px 30px;\n}\n#text-box-1446615142 {\n  width: 100%;\n}\n#text-box-1446615142 .text-box-content {\n  font-size: 100%;\n}\n@media (min-width:550px) {\n  #text-box-1446615142 {\n    width: 60%;\n  }\n}\n<\/style>\n    <\/div>\n \n        <\/div>\n      <\/div>\n\n            \n<style>\n#banner-688805824 {\n  padding-top: 400px;\n}\n#banner-688805824 .overlay {\n  background-color: rgba(29, 31, 37, 0.4);\n}\n@media (min-width:550px) {\n  #banner-688805824 {\n    padding-top: 50%;\n  }\n}\n<\/style>\n  <\/div>\n\n\n\t\t<\/div>\n\t\t\t\t\t<\/div>\n\n\t\n\n<style>\n#row-1585813223 > .col > .col-inner {\n  padding: 20px 0px 0px 0px;\n}\n<\/style>\n<\/div>\n\t\t<\/div>\n\n\t\t\n<style>\n#section_868412996 {\n  padding-top: 0px;\n  padding-bottom: 0px;\n}\n<\/style>\n\t<\/section>\n\t\n\n\t<section class=\"section\" id=\"section_699096890\">\n\t\t<div class=\"section-bg fill\" >\n\t\t\t\t\t\t\t\t\t\n\t\t\t\n\n\t\t<\/div>\n\n\t\t\n\n\t\t<div class=\"section-content relative\">\n\t\t\t\n<div class=\"row row-large align-center\"  id=\"row-725605164\">\n\n\t<div id=\"col-273667333\" class=\"col medium-10 small-12 large-10\"  >\n\t\t\t\t<div class=\"col-inner\"  >\n\t\t\t\n\t\t\t\n<p>En cumplimiento con el art\u00edculo 22 de la Ley 34\/2002, de 11 de julio, de servicios de la sociedad de la informaci\u00f3n y de comercio electr\u00f3nico (LSSI), en relaci\u00f3n con el Reglamento (UE) 2016\/679 del Parlamento Europeo y del Consejo, de 27 de abril de 2016, General de Protecci\u00f3n de Datos (RGPD) y la Ley Org\u00e1nica 3\/2018, de 5 de diciembre, de Protecci\u00f3n de Datos y garant\u00eda de los derechos digitales (LOPDGDD), <strong>La editorial Draco Somnium<\/strong> pone a disposici\u00f3n de los usuarios la Pol\u00edtica de recogida y tratamiento de cookies del nuestro sitio Web.<\/p>\n<h2>Qu\u00e9 son las Cookies<\/h2>\n<p>Una cookie es un fichero que se descarga en tu ordenador al entrar a determinadas p\u00e1ginas web. Las cookies permiten a una p\u00e1gina web, entre otras cosas, almacenar y recuperar informaci\u00f3n sobre tus h\u00e1bitos de navegaci\u00f3n y \u2014dependiendo de la informaci\u00f3n que contengan y de la forma en que utilices tu equipo\u2014 pueden utilizarse para identificarte.<\/p>\n<h2>Cookies utilizadas en el sitio Web<\/h2>\n<p><strong>Utilizamos muy pocas cookies en esta web ya que es una web sencilla y con pocas funcionalidades.<\/strong> A\u00fan as\u00ed a continuaci\u00f3n se clasifican y se explican todos los tipos de cookies que podr\u00edamos llegar a utilizar en el sitio Web <a href=\"https:\/\/dracosomnium.tuchoconsultoria.es\/politica-de-cookies\/\">https:\/\/dracosomnium.tuchoconsultoria.es\/<\/a>:<\/p>\n<p>\u00a0<\/p>\n<p><b>Seg\u00fan la entidad que las gestiona<\/b><\/p>\n<ul>\n<li><b>Cookies propias:<\/b> Son aquellas enviadas y gestionadas directamente por https:\/\/dracosomnium.tuchoconsultoria.es\/.<\/li>\n<li><b>Cookies de terceros:<\/b> Son aquellas que se env\u00edan al usuario desde un dominio ajeno a https:\/\/dracosomnium.tuchoconsultoria.es\/.<\/li>\n<\/ul>\n<p><b>Seg\u00fan su finalidad<\/b><\/p>\n<ul>\n<li><b>Cookies t\u00e9cnicas:<\/b> Son aquellas que permiten a los usuarios registrados navegar a trav\u00e9s del sitio Web, del \u00e1rea restringida y a utilizar sus diferentes funciones, como por ejemplo, el un sistema de comentarios o el buscador.<\/li>\n<li><b>Cookies de personalizaci\u00f3n:<\/b>\u00a0Son aquellas que permiten a los usuarios acceder al Servicio con algunas caracter\u00edsticas de car\u00e1cter general predefinidas en funci\u00f3n de una serie de criterios establecidos por el usuario como, por ejemplo, el idioma o el tipo de navegador a trav\u00e9s del cual se conecta a este sitio Web.<\/li>\n<li><b>Cookies de an\u00e1lisis o medici\u00f3n:<\/b>\u00a0Son aquellas que, bien tratadas por el sitio Web o por terceros, permiten cuantificar el n\u00famero de usuarios y as\u00ed realizar la medici\u00f3n y an\u00e1lisis estad\u00edstico de la utilizaci\u00f3n que hacen los usuarios del sitio Web. Para ello se analiza la navegaci\u00f3n que realizas en este sitio Web con el fin de mejorarlo.<\/li>\n<li><b>Cookies de publicidad comportamental:<\/b>\u00a0Son aquellas que, bien tratadas por el sitio Web o por terceros, almacenan informaci\u00f3n del comportamiento de los usuarios obtenida a trav\u00e9s de la observaci\u00f3n continuada de sus h\u00e1bitos de navegaci\u00f3n, lo que permite desarrollar un perfil espec\u00edfico para mostrar publicidad en funci\u00f3n del mismo.<\/li>\n<li><b>Cookies sociales:<\/b>\u00a0Son establecidas por las plataformas de redes sociales para permitir a los usuarios compartir contenido con sus amigos y redes.<\/li>\n<\/ul>\n<p><b>Seg\u00fan su duraci\u00f3n<\/b><\/p>\n<ul>\n<li><b>Cookies de sesi\u00f3n:<\/b>\u00a0Son aquellas dise\u00f1adas para recabar y almacenar datos mientras el usuario accede al sitio Web.<\/li>\n<li><b>Cookies persistentes:<\/b>\u00a0Son aquellas en las que los datos siguen almacenados en el terminal del usuario y pueden ser accedidos y tratados durante un per\u00edodo definido por el responsable de la cookie.<\/li>\n<\/ul>\n<h2>Listado de cookies utilizadas<\/h2>\n<p>Este sitio Web puede instalar las siguientes cookies:<\/p>\n<p>\u00a0<\/p>\n<p><b>Cookies t\u00e9cnicas<\/b><\/p>\n<ul>\n<li><b>wpEmojiSettingsSupports:<\/b> Cookie t\u00e9cnica que ayuda a determinar si el navegador del usuario puede mostrar los emojis correctamente. Su \u00e1mbito es la sesi\u00f3n y tiene una duraci\u00f3n de minutos.<\/li>\n<li><b>hasConsent:<\/b> Cookie t\u00e9cnica que almacena el consentimiento del usuario al rechazar cookies. Es persistente y tiene una duraci\u00f3n de 1 mes.<\/li>\n<\/ul>\n<p><b>Cookies de an\u00e1lisis o medici\u00f3n (solo cuando accedes a esta web a trav\u00e9s de publicidad de facebook o google)<\/b><\/p>\n<ul>\n<li><b>_fbp:<\/b>\u00a0Cookie que mide el rendimiento de la publicidad de Facebook. Es persistente y tiene una duraci\u00f3n de 1 d\u00eda.<\/li>\n<li><b>fr, sb:<\/b>\u00a0Cookies que miden el rendimiento de la publicidad de Facebook. Son cookies persistentes.<\/li>\n<li><b>_ga:<\/b>\u00a0Cookie Anal\u00edtica que habilita la funci\u00f3n de control de visitas \u00fanicas. Es persistente y tiene una duraci\u00f3n de 2 a\u00f1os.<\/li>\n<li><b>_gat:<\/b>\u00a0Cookie Anal\u00edtica para limitar el n\u00famero de solicitudes. Su \u00e1mbito es la sesi\u00f3n y tiene una duraci\u00f3n de 1 minuto.<\/li>\n<li><b>_gid:<\/b>\u00a0Cookie Anal\u00edtica para distinguir usuarios. Su \u00e1mbito es la sesi\u00f3n y tiene una duraci\u00f3n de 24 horas.<\/li>\n<\/ul>\n<p>Informaci\u00f3n adicional:<\/p>\n<ul>\n<li>En la p\u00e1gina\u00a0<a href=\"https:\/\/www.facebook.com\/policies\/cookies\/\" target=\"_blank\" rel=\"noopener noreferrer nofollow\">Pol\u00edtica de Cookies de Facebook<\/a>\u00a0obtendr\u00e1s obt\u00e9n m\u00e1s informaci\u00f3n sobre el uso de las cookies por parte de Facebook.<\/li>\n<li>Google Analytics puede instalar otras cookies seg\u00fan el documento\u00a0<a href=\"https:\/\/developers.google.com\/analytics\/devguides\/collection\/analyticsjs\/cookie-usage?hl=es\" target=\"_blank\" rel=\"noopener noreferrer nofollow\">Uso de las cookies de Google Analytics en sitios web<\/a>.<\/li>\n<\/ul>\n<p><b>Cookies sociales<\/b><\/p>\n<ul>\n<li>El sitio Web incluye otras funcionalidades proporcionadas por servicios de terceros y redes sociales para mejorar la experiencia de los visitantes. Puedes compartir el contenido en sus redes sociales como \u00abFacebook\u00bb, \u00abTwitter\u00bb, \u00abInstagram\u00bb, \u00abVimeo\u00bb o \u00abYouTube\u00bb con los botones incluidos a tal efecto o con las herramientas para compartir propias de las redes sociales. Como resultado, estos servicios pueden instalar cookies y utilizarlas para rastrear tu actividad online. No tenemos control directo sobre la informaci\u00f3n recopilada por estas cookies.<\/li>\n<\/ul>\n<h2>Aceptaci\u00f3n o rechazo de la instalaci\u00f3n de cookies<\/h2>\n<p>Draco Somnium editorial muestra informaci\u00f3n sobre su Pol\u00edtica de cookies en el banner de cookies accesible en todas las p\u00e1ginas del Sitio Web https:\/\/dracosomnium.tuchoconsultoria.es\/. El banner de cookies muestra informaci\u00f3n esencial sobre el tratamiento de datos y permite al usuario realizar las siguientes acciones:<\/p>\n<ul>\n<li><b>Aceptar o rechazar la instalaci\u00f3n de cookies<\/b>, a la que puedes acceder desde el Aviso de Cookies.<\/li>\n<li><b>Obtener informaci\u00f3n adicional<\/b>\u00a0sobre la Pol\u00edtica de Cookies desde la p\u00e1gina\u00a0<a href=\"https:\/\/dracosomnium.tuchoconsultoria.es\/politica-de-cookies\/\">Pol\u00edtica de cookies<\/a>.<\/li>\n<\/ul>\n<h2>Eliminaci\u00f3n de cookies<\/h2>\n<p>Puedes aceptar, bloquear o eliminar las cookies instaladas en tu equipo mediante la configuraci\u00f3n de las opciones del navegador, pero parte del sitio no funcionar\u00e1 correctamente o su calidad puede verse afectada.<\/p>\n<p>En los siguientes enlaces encontrar\u00e1s instrucciones para habilitar o deshabilitar las cookies en los navegadores m\u00e1s comunes.<\/p>\n<ul>\n<li><b>Firefox<\/b>\u00a0<a href=\"http:\/\/support.mozilla.org\/es\/kb\/habilitar-y-deshabilitar-cookies-que-los-sitios-we\" target=\"_blank\" rel=\"nofollow noopener\">http:\/\/support.mozilla.org\/es\/kb\/habilitar-y-deshabilitar-cookies-que-los-sitios-we<\/a><\/li>\n<li><b>Google Chrome<\/b>\u00a0<a href=\"https:\/\/support.google.com\/chrome\/answer\/95647?hl=es\" target=\"_blank\" rel=\"noopener noreferrer nofollow\">https:\/\/support.google.com\/chrome\/answer\/95647?hl=es<\/a><\/li>\n<li><b>Internet Explorer<\/b>\u00a0<a href=\"https:\/\/support.microsoft.com\/es-es\/help\/17442\/windows-internet-explorer-delete-manage-cookies#ie=%22ie-10%22\" target=\"_blank\" rel=\"noopener noreferrer nofollow\">https:\/\/support.microsoft.com\/es-es\/help\/17442\/windows-internet-explorer-delete-manage-cookies#ie=\u00bbie-10&#8243;<\/a><\/li>\n<li><b>Microsoft Edge<\/b>\u00a0<a href=\"https:\/\/support.microsoft.com\/es-es\/help\/4468242\/microsoft-edge-browsing-data-and-privacy\" target=\"_blank\" rel=\"noopener noreferrer nofollow\">https:\/\/support.microsoft.com\/es-es\/help\/4468242\/microsoft-edge-browsing-data-and-privacy<\/a><\/li>\n<li><b>Safari<\/b>\u00a0<a href=\"http:\/\/support.apple.com\/kb\/HT1677?viewlocale=es_ES\" target=\"_blank\" rel=\"nofollow noopener\">http:\/\/support.apple.com\/kb\/HT1677?viewlocale=es_ES<\/a><\/li>\n<\/ul>\n<h2>Contacto<\/h2>\n<p>En caso de que tengas cualquier duda acerca de esta Pol\u00edtica de Cookies o quieras realizar cualquier comentario sobre este sitio Web, puedes enviar un mensaje de correo electr\u00f3nico a la direcci\u00f3n info@dracosomnium.tuchoconsultoria.es.<\/p>\n\t\t<\/div>\n\t\t\t\t\n<style>\n#col-273667333 > .col-inner {\n  padding: 60px 0px 0px 0px;\n}\n<\/style>\n\t<\/div>\n\n\t\n<\/div>\n\t\t<\/div>\n\n\t\t\n<style>\n#section_699096890 {\n  padding-top: 30px;\n  padding-bottom: 30px;\n}\n<\/style>\n\t<\/section>\n\t\n","protected":false},"excerpt":{"rendered":"","protected":false},"author":1,"featured_media":0,"parent":0,"menu_order":0,"comment_status":"closed","ping_status":"closed","template":"","meta":{"_acf_changed":false,"footnotes":""},"class_list":["post-422","page","type-page","status-publish","hentry"],"acf":[],"_links":{"self":[{"href":"https:\/\/dracosomnium.tuchoconsultoria.es\/es\/wp-json\/wp\/v2\/pages\/422","targetHints":{"allow":["GET"]}}],"collection":[{"href":"https:\/\/dracosomnium.tuchoconsultoria.es\/es\/wp-json\/wp\/v2\/pages"}],"about":[{"href":"https:\/\/dracosomnium.tuchoconsultoria.es\/es\/wp-json\/wp\/v2\/types\/page"}],"author":[{"embeddable":true,"href":"https:\/\/dracosomnium.tuchoconsultoria.es\/es\/wp-json\/wp\/v2\/users\/1"}],"replies":[{"embeddable":true,"href":"https:\/\/dracosomnium.tuchoconsultoria.es\/es\/wp-json\/wp\/v2\/comments?post=422"}],"version-history":[{"count":15,"href":"https:\/\/dracosomnium.tuchoconsultoria.es\/es\/wp-json\/wp\/v2\/pages\/422\/revisions"}],"predecessor-version":[{"id":2717,"href":"https:\/\/dracosomnium.tuchoconsultoria.es\/es\/wp-json\/wp\/v2\/pages\/422\/revisions\/2717"}],"wp:attachment":[{"href":"https:\/\/dracosomnium.tuchoconsultoria.es\/es\/wp-json\/wp\/v2\/media?parent=422"}],"curies":[{"name":"wp","href":"https:\/\/api.w.org\/{rel}","templated":true}]}}