{"id":750,"date":"2025-08-07T10:11:31","date_gmt":"2025-08-07T10:11:31","guid":{"rendered":"https:\/\/dracosomnium.tuchoconsultoria.es\/?page_id=750"},"modified":"2026-04-14T22:44:09","modified_gmt":"2026-04-14T21:44:09","slug":"politica-de-privacidad","status":"publish","type":"page","link":"https:\/\/dracosomnium.tuchoconsultoria.es\/es\/politica-de-privacidad\/","title":{"rendered":"Pol\u00edtica de privacidad"},"content":{"rendered":"\n\t<section class=\"section hero\" id=\"section_1815044007\">\n\t\t<div class=\"section-bg fill\" >\n\t\t\t\t\t\t\t\t\t\n\t\t\t\n\n\t\t<\/div>\n\n\t\t\n\n\t\t<div class=\"section-content relative\">\n\t\t\t\n<div class=\"row\"  id=\"row-557860399\">\n\n\t<div id=\"col-335606717\" class=\"col small-12 large-12\"  >\n\t\t\t\t<div class=\"col-inner\"  >\n\t\t\t\n\t\t\t\n\n  <div class=\"banner has-hover\" id=\"banner-1408308719\">\n          <div class=\"banner-inner fill\">\n        <div class=\"banner-bg fill\" >\n            <img loading=\"lazy\" decoding=\"async\" width=\"1920\" height=\"1280\" src=\"https:\/\/dracosomnium.tuchoconsultoria.es\/wp-content\/uploads\/Textos_Legales-Draco_Somnium.webp\" class=\"bg attachment-original size-original\" alt=\"Textos Legales Draco Somnium\" \/>                        <div class=\"overlay\"><\/div>            \n                    <\/div>\n\t\t\n        <div class=\"banner-layers container\">\n            <div class=\"fill banner-link\"><\/div>            \n   <div id=\"text-box-1540397289\" class=\"text-box banner-layer x0 md-x0 lg-x0 y50 md-y50 lg-y50 res-text\">\n                                <div class=\"text-box-content text dark\">\n              \n              <div class=\"text-inner text-left\">\n                  \n<h1>Pol\u00edtica de privacidad<\/h1>\n\n<span><span><a href=\"https:\/\/dracosomnium.tuchoconsultoria.es\/es\/\">Draco Somnium<\/a><\/span><\/span>\n\n              <\/div>\n           <\/div>\n                            \n<style>\n#text-box-1540397289 .text-inner {\n  padding: 0px 30px 0px 30px;\n}\n#text-box-1540397289 {\n  width: 100%;\n}\n#text-box-1540397289 .text-box-content {\n  font-size: 100%;\n}\n@media (min-width:550px) {\n  #text-box-1540397289 {\n    width: 60%;\n  }\n}\n<\/style>\n    <\/div>\n \n        <\/div>\n      <\/div>\n\n            \n<style>\n#banner-1408308719 {\n  padding-top: 400px;\n}\n#banner-1408308719 .overlay {\n  background-color: rgba(29, 31, 37, 0.4);\n}\n@media (min-width:550px) {\n  #banner-1408308719 {\n    padding-top: 50%;\n  }\n}\n<\/style>\n  <\/div>\n\n\n\t\t<\/div>\n\t\t\t\t\t<\/div>\n\n\t\n\n<style>\n#row-557860399 > .col > .col-inner {\n  padding: 20px 0px 0px 0px;\n}\n<\/style>\n<\/div>\n\t\t<\/div>\n\n\t\t\n<style>\n#section_1815044007 {\n  padding-top: 0px;\n  padding-bottom: 0px;\n}\n<\/style>\n\t<\/section>\n\t\n\n\t<section class=\"section\" id=\"section_994636817\">\n\t\t<div class=\"section-bg fill\" >\n\t\t\t\t\t\t\t\t\t\n\t\t\t\n\n\t\t<\/div>\n\n\t\t\n\n\t\t<div class=\"section-content relative\">\n\t\t\t\n<div class=\"row row-large align-center\"  id=\"row-350222223\">\n\n\t<div id=\"col-1594929118\" class=\"col medium-10 small-12 large-10\"  >\n\t\t\t\t<div class=\"col-inner\"  >\n\t\t\t\n\t\t\t\n<p><strong>INFORMACI\u00d3N B\u00c1SICA ENTIDAD<\/strong><br \/>\nResponsable: Identidad del responsable del tratamiento<br \/>\nFinalidad: Descripci\u00f3n sencilla de los fines del tratamiento<br \/>\nLegitimaci\u00f3n: Base jur\u00eddica del tratamiento<br \/>\nDestinatarios: No se ceder\u00e1n datos a terceros salvo obligaci\u00f3n legal<br \/>\nDerechos: Ejercicio de derechos<\/p>\n<p><strong>DESARROLLO DE LA INFORMACI\u00d3N B\u00c1SICA<\/strong><br \/>\nEn nuestra Entidad, hemos adaptado nuestros protocolos y pol\u00edticas de privacidad al Reglamento Europeo de Protecci\u00f3n de Datos 679\/2016 (RGPD) y a la LO 3\/2018, de 5 de diciembre, de Protecci\u00f3n de Datos personales y garant\u00eda de los derechos digitales, dado que nos preocupa la seguridad y la protecci\u00f3n de los datos que tratamos.<\/p>\n<p><strong>1.- QUI\u00c9N ES EL RESPONSABLE DEL TRATAMIENTO DE DATOS<\/strong><br \/>\nDRACO SOMNIUM EDITORIAL, con domicilio en Urduliz, es el responsable del correcto tratamiento de sus datos. Puede Vd. consultar sobre este tratamiento a trav\u00e9s del siguiente mail info(arroba)dracosomnium.com<\/p>\n<p><strong>2.- PARA QU\u00c9 UTILIZAMOS SUS DATOS Y CUANTO TIEMPO LOS CONSERVAMOS<\/strong><br \/>\nEn DRACO SOMNIUM EDITORIAL tratamos la informaci\u00f3n que nos facilitan las personas interesadas con el fin de:<\/p>\n<ul>\n<li>Cumplir con las prestaciones y servicios que suscribamos con el cliente<\/li>\n<li>Tramitar y gestionar las solicitudes realizadas en relaci\u00f3n a productos y servicios.<\/li>\n<\/ul>\n<p>Los datos personales proporcionados se conservar\u00e1n mientras se mantenga la relaci\u00f3n contractual y no se solicite su supresi\u00f3n por el interesado. Hay datos que por su naturaleza, debemos conservar a pesar de que nos retire su consentimiento por la existencia de una obligaci\u00f3n legal.<\/p>\n<p><strong>3.- CU\u00c1L ES LA BASE LEGAL PARA EL TRATAMIENTO DE LOS DATOS<\/strong><br \/>\nLa utilizaci\u00f3n de los datos que nos has facilitado a trav\u00e9s del consentimiento, es necesaria para la correcta gesti\u00f3n de las relaciones con los Clientes \/ Colaboradores y, adem\u00e1s, poder cumplir con las obligaciones legales. En cualquier momento puede manifestar su oposici\u00f3n al uso de sus datos y, por lo tanto, dejar sin efecto cualquier tipo de gesti\u00f3n con los mismos, quedando \u00fanicamente sus datos bloqueados durante el tiempo legalmente previsto. Comunicarle que el no consentimiento puede conllevar que los servicios sean imposibles de prestar.<\/p>\n<p><strong>4.- \u00bfVAN A CEDER MIS DATOS?<\/strong><br \/>\nEn principio no se ceder\u00e1n datos salvo obligaci\u00f3n legal. Ahora bien, sus datos podr\u00e1n ser cedidos a profesionales y\/o proveedores de esta Entidad a los solos efectos cumplimiento contractual o bien, a proveedores del servicios de esta Entidad como son las asesor\u00edas, servicios inform\u00e1ticos, servicios de almacenamiento en la nube, etc.<\/p>\n<p><strong>5.- DURANTE CU\u00c1NTO CONSERVAREMOS SUS DATOS PERSONALES<\/strong><br \/>\nSolamente conservaremos sus datos personales mientras que mantengamos una relaci\u00f3n contractual, mientras que exista un requisito legal que lo obligue, mientras que Vd. no ejerza ninguno de los derechos que hagan que no podamos tratar sus datos.<\/p>\n<p><strong>6.- C\u00d3MO PUEDO EJERCER MIS DERECHOS<\/strong><br \/>\nComo titular de derechos, Vd. tiene el control de sus datos y, por lo tanto, en cualquier momento puede ejercitar sus derechos, envi\u00e1ndonos un mail info(arroba)dracosomnium.com. Los derechos que puede ejercitar son:<\/p>\n<ul>\n<li><strong>Acceso \u2013<\/strong> Podr\u00e1 consultar sus datos personales tratados por esta Entidad<\/li>\n<li><strong>Rectificaci\u00f3n \u2013<\/strong> Podr\u00e1 modificar sus datos personales cuando sean inexactos<\/li>\n<li><strong>Supresi\u00f3n \u2013<\/strong> Podr\u00e1 solicitar la eliminaci\u00f3n de sus datos personales<\/li>\n<li><strong>Oposici\u00f3n \u2013<\/strong> Podr\u00e1 solicitar que no se trate alguno de sus datos personales<\/li>\n<li><strong>Limitaci\u00f3n del Tratamiento \u2013<\/strong> Podr\u00e1 solicitar la limitaci\u00f3n al tratamiento de sus datos personales en determinadas circunstancias<\/li>\n<li><strong>Portabilidad \u2013<\/strong> Podr\u00e1 recibir los datos personales que nos haya facilitado o que hayamos obtenido en nuestra relaci\u00f3n contractual, as\u00ed como trasmitirlos a otra Entidad.<\/li>\n<\/ul>\n<p>Se informa a los usuarios, que tiene derecho a revocar el consentimiento en cualquier momento, sin que ello afecte a la licitud del tratamiento basado en el consentimiento previo a su retirada.<\/p>\n<p>As\u00ed mismo se informa a los interesados de que pueden presentar una reclamaci\u00f3n ante la Autoridad de Control en materia de Protecci\u00f3n de Datos competente, especialmente cuando no haya obtenido satisfacci\u00f3n en el ejercicio de sus derechos.<\/p>\n<p>Todos sus derechos puede solicitarlos indicando su nombre y haci\u00e9ndonos llegar una fotocopia de su identificaci\u00f3n con la solicitud.<\/p>\n\t\t<\/div>\n\t\t\t\t\n<style>\n#col-1594929118 > .col-inner {\n  padding: 60px 0px 0px 0px;\n}\n<\/style>\n\t<\/div>\n\n\t\n<\/div>\n\t\t<\/div>\n\n\t\t\n<style>\n#section_994636817 {\n  padding-top: 30px;\n  padding-bottom: 30px;\n}\n<\/style>\n\t<\/section>\n\t\n","protected":false},"excerpt":{"rendered":"","protected":false},"author":3,"featured_media":0,"parent":0,"menu_order":0,"comment_status":"closed","ping_status":"closed","template":"","meta":{"_acf_changed":false,"footnotes":""},"class_list":["post-750","page","type-page","status-publish","hentry"],"acf":[],"_links":{"self":[{"href":"https:\/\/dracosomnium.tuchoconsultoria.es\/es\/wp-json\/wp\/v2\/pages\/750","targetHints":{"allow":["GET"]}}],"collection":[{"href":"https:\/\/dracosomnium.tuchoconsultoria.es\/es\/wp-json\/wp\/v2\/pages"}],"about":[{"href":"https:\/\/dracosomnium.tuchoconsultoria.es\/es\/wp-json\/wp\/v2\/types\/page"}],"author":[{"embeddable":true,"href":"https:\/\/dracosomnium.tuchoconsultoria.es\/es\/wp-json\/wp\/v2\/users\/3"}],"replies":[{"embeddable":true,"href":"https:\/\/dracosomnium.tuchoconsultoria.es\/es\/wp-json\/wp\/v2\/comments?post=750"}],"version-history":[{"count":4,"href":"https:\/\/dracosomnium.tuchoconsultoria.es\/es\/wp-json\/wp\/v2\/pages\/750\/revisions"}],"predecessor-version":[{"id":2716,"href":"https:\/\/dracosomnium.tuchoconsultoria.es\/es\/wp-json\/wp\/v2\/pages\/750\/revisions\/2716"}],"wp:attachment":[{"href":"https:\/\/dracosomnium.tuchoconsultoria.es\/es\/wp-json\/wp\/v2\/media?parent=750"}],"curies":[{"name":"wp","href":"https:\/\/api.w.org\/{rel}","templated":true}]}}