{"id":2720,"date":"2026-04-15T10:50:44","date_gmt":"2026-04-15T09:50:44","guid":{"rendered":"https:\/\/dracosomnium.tuchoconsultoria.es\/?post_type=product&#038;p=2720"},"modified":"2026-04-17T10:39:48","modified_gmt":"2026-04-17T09:39:48","slug":"h-p-lovecraft-ahaztutako-ametsa","status":"publish","type":"product","link":"https:\/\/dracosomnium.tuchoconsultoria.es\/es\/producto\/h-p-lovecraft-ahaztutako-ametsa\/","title":{"rendered":"H.P. Lovecraft. Ahaztutako ametsa"},"content":{"rendered":"<p>Un relato olvidado sobre los misterios de la tierra vasca que Lovecraft nunca termin\u00f3 de publicar en vida. Todas las p\u00e1ginas de este libro est\u00e1n ilustradas con todo lujo de detalles y en ellas hay ocultos varios misterios por resolver\u2026 Se trata de una ampliaci\u00f3n y adaptaci\u00f3n de un breve relato que Lovecraft escribi\u00f3 en 1927 sobre el territorio vasco.<\/p>\n<p><iframe loading=\"lazy\" title=\"trailer video verkami Lovecraft EUS\" width=\"1020\" height=\"574\" src=\"https:\/\/www.youtube.com\/embed\/4AYr4VO2w6U?feature=oembed\" frameborder=\"0\" allow=\"accelerometer; autoplay; clipboard-write; encrypted-media; gyroscope; picture-in-picture; web-share\" referrerpolicy=\"strict-origin-when-cross-origin\" allowfullscreen><\/iframe><\/p>\n","protected":false},"excerpt":{"rendered":"<p>Un relato olvidado sobre los misterios de la tierra vasca que Lovecraft nunca termin\u00f3 de publicar en vida. Todas las p\u00e1ginas de este libro est\u00e1n ilustradas con todo lujo de detalles y en ellas hay ocultos varios misterios por resolver\u2026 Se trata de una ampliaci\u00f3n y adaptaci\u00f3n de un breve relato que Lovecraft escribi\u00f3 en [&#8230;]\n","protected":false},"featured_media":1005,"comment_status":"closed","ping_status":"closed","template":"","meta":{"_acf_changed":false},"product_brand":[],"product_cat":[48],"product_tag":[],"class_list":{"0":"post-2720","1":"product","2":"type-product","3":"status-publish","4":"has-post-thumbnail","6":"product_cat-edicion-en-euskera","8":"first","9":"instock","10":"shipping-taxable","11":"purchasable","12":"product-type-simple"},"acf":[],"_links":{"self":[{"href":"https:\/\/dracosomnium.tuchoconsultoria.es\/es\/wp-json\/wp\/v2\/product\/2720","targetHints":{"allow":["GET"]}}],"collection":[{"href":"https:\/\/dracosomnium.tuchoconsultoria.es\/es\/wp-json\/wp\/v2\/product"}],"about":[{"href":"https:\/\/dracosomnium.tuchoconsultoria.es\/es\/wp-json\/wp\/v2\/types\/product"}],"replies":[{"embeddable":true,"href":"https:\/\/dracosomnium.tuchoconsultoria.es\/es\/wp-json\/wp\/v2\/comments?post=2720"}],"wp:featuredmedia":[{"embeddable":true,"href":"https:\/\/dracosomnium.tuchoconsultoria.es\/es\/wp-json\/wp\/v2\/media\/1005"}],"wp:attachment":[{"href":"https:\/\/dracosomnium.tuchoconsultoria.es\/es\/wp-json\/wp\/v2\/media?parent=2720"}],"wp:term":[{"taxonomy":"product_brand","embeddable":true,"href":"https:\/\/dracosomnium.tuchoconsultoria.es\/es\/wp-json\/wp\/v2\/product_brand?post=2720"},{"taxonomy":"product_cat","embeddable":true,"href":"https:\/\/dracosomnium.tuchoconsultoria.es\/es\/wp-json\/wp\/v2\/product_cat?post=2720"},{"taxonomy":"product_tag","embeddable":true,"href":"https:\/\/dracosomnium.tuchoconsultoria.es\/es\/wp-json\/wp\/v2\/product_tag?post=2720"}],"curies":[{"name":"wp","href":"https:\/\/api.w.org\/{rel}","templated":true}]}}